{"id":131,"date":"2025-02-09T11:47:32","date_gmt":"2025-02-09T11:47:32","guid":{"rendered":"https:\/\/safeassist.com.tr\/wordpress\/?page_id=131"},"modified":"2025-02-26T12:25:36","modified_gmt":"2025-02-26T12:25:36","slug":"consulting-services","status":"publish","type":"page","link":"https:\/\/safeassist.com.tr\/wordpress\/index.php\/consulting-services\/","title":{"rendered":"Dan\u0131\u015fmanl\u0131k hizmetleri"},"content":{"rendered":"\t\t<div data-elementor-type=\"wp-page\" data-elementor-id=\"131\" class=\"elementor elementor-131\">\n\t\t\t\t<div class=\"elementor-element elementor-element-5e8c8b4 e-flex e-con-boxed e-con e-parent\" data-id=\"5e8c8b4\" data-element_type=\"container\">\n\t\t\t\t\t<div class=\"e-con-inner\">\n\t\t\t\t<div class=\"elementor-element elementor-element-081b5a1 elementor-widget elementor-widget-heading\" data-id=\"081b5a1\" data-element_type=\"widget\" data-widget_type=\"heading.default\">\n\t\t\t\t<div class=\"elementor-widget-container\">\n\t\t\t\t\t<h2 class=\"elementor-heading-title elementor-size-default\">Consulting services<\/h2>\t\t\t\t<\/div>\n\t\t\t\t<\/div>\n\t\t\t\t\t<\/div>\n\t\t\t\t<\/div>\n\t\t<div class=\"elementor-element elementor-element-1b06b701 e-flex e-con-boxed e-con e-parent\" data-id=\"1b06b701\" data-element_type=\"container\">\n\t\t\t\t\t<div class=\"e-con-inner\">\n\t\t\t\t<div class=\"elementor-element elementor-element-45e74b22 elementor-widget elementor-widget-text-editor\" data-id=\"45e74b22\" data-element_type=\"widget\" data-widget_type=\"text-editor.default\">\n\t\t\t\t<div class=\"elementor-widget-container\">\n\t\t\t\t\t\t\t\t\tWe provide a wide range of consulting services to both national and international corporate clients in the field of Health, Safety, and Environment (HSE) organizational consulting. Our consulting expertise includes:\r\n<ul>\r\n \t<li>Facility Technical Safety Assessments<\/li>\r\n \t<li>Machine Risk Assessments<\/li>\r\n \t<li>Safety Concept and Design Studies based on assessment results<\/li>\r\n \t<li>Compliance Evaluation of Electro-Sensitive Protective Equipment (ESPE)<\/li>\r\n \t<li>Low Voltage Directive (LVD) Testing<\/li>\r\n \t<li>CE Marking Consultancy<\/li>\r\n \t<li>Technical Safety Specifications for Machine Procurement<\/li>\r\n \t<li>Execution of Machine Acceptance Processes<\/li>\r\n<\/ul>\t\t\t\t\t\t\t\t<\/div>\n\t\t\t\t<\/div>\n\t\t\t\t\t<\/div>\n\t\t\t\t<\/div>\n\t\t\t\t<\/div>\n\t\t","protected":false},"excerpt":{"rendered":"<p>Consulting services We provide a wide range of consulting services to both national and international corporate clients in the field of Health, Safety, and Environment (HSE) organizational consulting. Our consulting expertise includes: Facility Technical Safety Assessments Machine Risk Assessments Safety Concept and Design Studies based on assessment results Compliance Evaluation of Electro-Sensitive Protective Equipment (ESPE) [&hellip;]<\/p>\n","protected":false},"author":3,"featured_media":0,"parent":0,"menu_order":0,"comment_status":"closed","ping_status":"closed","template":"elementor_header_footer","meta":{"footnotes":""},"class_list":["post-131","page","type-page","status-publish","hentry"],"_links":{"self":[{"href":"https:\/\/safeassist.com.tr\/wordpress\/index.php\/wp-json\/wp\/v2\/pages\/131","targetHints":{"allow":["GET"]}}],"collection":[{"href":"https:\/\/safeassist.com.tr\/wordpress\/index.php\/wp-json\/wp\/v2\/pages"}],"about":[{"href":"https:\/\/safeassist.com.tr\/wordpress\/index.php\/wp-json\/wp\/v2\/types\/page"}],"author":[{"embeddable":true,"href":"https:\/\/safeassist.com.tr\/wordpress\/index.php\/wp-json\/wp\/v2\/users\/3"}],"replies":[{"embeddable":true,"href":"https:\/\/safeassist.com.tr\/wordpress\/index.php\/wp-json\/wp\/v2\/comments?post=131"}],"version-history":[{"count":9,"href":"https:\/\/safeassist.com.tr\/wordpress\/index.php\/wp-json\/wp\/v2\/pages\/131\/revisions"}],"predecessor-version":[{"id":11947,"href":"https:\/\/safeassist.com.tr\/wordpress\/index.php\/wp-json\/wp\/v2\/pages\/131\/revisions\/11947"}],"wp:attachment":[{"href":"https:\/\/safeassist.com.tr\/wordpress\/index.php\/wp-json\/wp\/v2\/media?parent=131"}],"curies":[{"name":"wp","href":"https:\/\/api.w.org\/{rel}","templated":true}]}}